{"id":1000,"date":"2018-08-29T21:40:39","date_gmt":"2018-08-30T00:40:39","guid":{"rendered":"https:\/\/isfd87-bue.infd.edu.ar\/sitio\/informacion-para-docentes\/"},"modified":"2026-03-05T19:14:10","modified_gmt":"2026-03-05T22:14:10","slug":"informacion-para-docentes","status":"publish","type":"page","link":"https:\/\/isfd87-bue.infd.edu.ar\/sitio\/informacion-para-docentes\/","title":{"rendered":"Informaci\u00f3n para docentes"},"content":{"rendered":"<h1 style=\"text-align: center;\"><\/h1>\n<p><span style=\"font-size: 12pt; font-family: verdana, geneva;\"><em><strong>\u00a0<\/strong><\/em><\/span><span style=\"font-size: 12pt; font-family: verdana, geneva;\">Informaci\u00f3n de inter\u00e9s para los docentes del ISFD yT N\u00ba87:<\/span><span style=\"font-size: 12pt; font-family: verdana, geneva;\">\u00a0<\/span><\/p>\n<ul>\n<li>\n<h3><span style=\"color: #333399;\"><a style=\"color: #333399;\" title=\"Dise\u00f1o Curricular - Carreras Docentes \" href=\"index.cgi?wid_item=35&amp;wid_seccion=22\">Dise\u00f1o Curricular &#8211; Carreras Docentes<\/a><\/span><\/h3>\n<\/li>\n<li>\n<h3><span style=\"color: #333399;\"><a style=\"color: #333399;\" title=\"Dise\u00f1o Curricular-Carreras T\u00e9cnicas\" href=\"index.cgi?wid_item=42&amp;wid_seccion=22\">Dise\u00f1o Curricular &#8211; Carreras T\u00e9cnicas<\/a><\/span><\/h3>\n<\/li>\n<li title=\"Resoluci\u00f3n 3121\/04. \">\n<h3><span style=\"color: #333399;\"><a style=\"color: #333399;\" title=\"funciones de la catedra. RESOLUCION 3121\/04\" href=\"upload\/res3121_04_ayud_cat.........FUNCIONES_DE_LA_CATEDRA.pdf\" target=\"_blank\" rel=\"noopener\">Resoluci\u00f3n 3121\/04. Funciones de la c\u00e1tedra<\/a><\/span><\/h3>\n<\/li>\n<li>\n<h3><span style=\"color: #333399;\"><a style=\"color: #333399;\" title=\"Concurso\" href=\"index.cgi?wid_item=36&amp;wid_seccion=22\">Concurso<\/a><\/span><\/h3>\n<\/li>\n<li>\n<h3><span style=\"color: #333399;\"><a style=\"color: #333399;\" title=\"Contacto con la Secretaria\" href=\"index.cgi?wid_form=1&amp;wid_item=38&amp;wid_seccion=22\">Contacto con la Secretaria<\/a><\/span><\/h3>\n<\/li>\n<li>\n<h3><span style=\"color: #333399;\"><a style=\"color: #333399;\" title=\"Formularios\" href=\"index.cgi?wid_item=51&amp;wid_seccion=22\">Formularios<\/a><\/span><\/h3>\n<\/li>\n<li>\n<h3><a href=\"https:\/\/isfd87-bue.infd.edu.ar\/sitio\/wp-content\/uploads\/2019\/12\/Reglamento-de-pr\u00e1cticas-docentes.pdf\" target=\"_blank\" rel=\"noopener\"><span style=\"color: #333399;\">Reglamento de las Pr\u00e1cticas<\/span><\/a><\/h3>\n<\/li>\n<li>\n<h3><span style=\"color: #333399;\">Reglamento Marco<\/span><\/h3>\n<ul>\n<li>\n<h5><span style=\"color: #333399;\"><a href=\"https:\/\/isfd87-bue.infd.edu.ar\/sitio\/wp-content\/uploads\/2024\/11\/Anexo-1_RAM.pdf\" target=\"_blank\" rel=\"noopener\"><span style=\"color: #333399;\">Anexo 1<\/span><\/a> <\/span><\/h5>\n<\/li>\n<li>\n<h5><span style=\"color: #333399;\"><a style=\"color: #333399;\" href=\"https:\/\/isfd87-bue.infd.edu.ar\/sitio\/wp-content\/uploads\/2024\/11\/Anexo-2_Estudiante-Itinerante.pdf\" target=\"_blank\" rel=\"noopener\">Anexo 2<\/a> <\/span><\/h5>\n<\/li>\n<li>\n<h5><a href=\"https:\/\/isfd87-bue.infd.edu.ar\/sitio\/wp-content\/uploads\/2024\/11\/Anexo-3_PPC.pdf\" target=\"_blank\" rel=\"noopener\"><span style=\"color: #333399;\">Anexo 3<\/span><\/a><\/h5>\n<\/li>\n<\/ul>\n<\/li>\n<li>\n<h3><a href=\"https:\/\/isfd87-bue.infd.edu.ar\/sitio\/wp-content\/uploads\/2023\/05\/Regimen-Academico-Institucional-2023.pdf\" target=\"_blank\" rel=\"noopener\"><span style=\"color: #333399;\">R\u00e9gimen Acad\u00e9mico Institucional<\/span><\/a><\/h3>\n<\/li>\n<li>\n<h3><a href=\"https:\/\/isfd87-bue.infd.edu.ar\/sitio\/wp-content\/uploads\/2019\/12\/Proyecto-Instuitucional.pdf\" target=\"_blank\" rel=\"noopener\"><span style=\"color: #333399;\">Proyecto Institucional<\/span><\/a><\/h3>\n<\/li>\n<li>\n<h3><a href=\"https:\/\/isfd87-bue.infd.edu.ar\/sitio\/wp-content\/uploads\/2023\/05\/Reglamento-de-convivencia-ISFDyT87-2023.pdf\" target=\"_blank\" rel=\"noopener\"><span style=\"color: #333399;\">Reglamento de Convivencia<\/span><\/a><\/h3>\n<\/li>\n<li>\n<h3><a href=\"https:\/\/isfd87-bue.infd.edu.ar\/sitio\/wp-content\/uploads\/2021\/07\/Plan-Evaluacion-de-los-aprendizajes.pdf\" target=\"_blank\" rel=\"noopener\"><span style=\"color: #333399;\">Plan de Evaluaci\u00f3n de los Aprendizajes<\/span><\/a><\/h3>\n<\/li>\n<li>\n<h3><a href=\"https:\/\/isfd87-bue.infd.edu.ar\/sitio\/wp-content\/uploads\/2026\/03\/RESOC-4196-24-Regimen-Academico-Superior-1.pdf\" target=\"_blank\" rel=\"noopener\"><span style=\"color: #333399;\">Resoluci\u00f3n 4196\/2024 &#8211; R\u00e9gimen Acad\u00e9mico Superior<\/span><\/a><\/h3>\n<ul>\n<li>\n<h5><a href=\"https:\/\/isfd87-bue.infd.edu.ar\/sitio\/wp-content\/uploads\/2026\/03\/Anexo-1_RAM.pdf\" target=\"_blank\" rel=\"noopener\"><span style=\"color: #333399;\">Anexo I &#8211; RAM<\/span><\/a><\/h5>\n<\/li>\n<li>\n<h5><a href=\"https:\/\/isfd87-bue.infd.edu.ar\/sitio\/wp-content\/uploads\/2026\/03\/Anexo-2_Estudiante-Itinerante.pdf\" target=\"_blank\" rel=\"noopener\"><span style=\"color: #333399;\">Anexo II &#8211; Estudiante Itinerante<\/span><\/a><\/h5>\n<\/li>\n<li>\n<h5><a href=\"https:\/\/isfd87-bue.infd.edu.ar\/sitio\/wp-content\/uploads\/2026\/03\/Anexo-3_PPC.pdf\" target=\"_blank\" rel=\"noopener\"><span style=\"color: #333399;\">Anexo III &#8211; PPC<\/span><\/a><\/h5>\n<\/li>\n<\/ul>\n<\/li>\n<\/ul>\n","protected":false},"excerpt":{"rendered":"<p>\u00a0Informaci\u00f3n de inter\u00e9s para los docentes del ISFD yT N\u00ba87:\u00a0 Dise\u00f1o Curricular &#8211; Carreras Docentes Dise\u00f1o Curricular &#8211; Carreras T\u00e9cnicas Resoluci\u00f3n 3121\/04. Funciones de la c\u00e1tedra Concurso Contacto con la Secretaria Formularios Reglamento de las Pr\u00e1cticas Reglamento Marco Anexo 1 Anexo 2 Anexo 3 R\u00e9gimen Acad\u00e9mico Institucional Proyecto Institucional Reglamento de Convivencia Plan de Evaluaci\u00f3n &#8230; <a title=\"Informaci\u00f3n para docentes\" class=\"read-more\" href=\"https:\/\/isfd87-bue.infd.edu.ar\/sitio\/informacion-para-docentes\/\" aria-label=\"More on Informaci\u00f3n para docentes\">[+]<\/a><\/p>\n","protected":false},"author":23,"featured_media":0,"parent":0,"menu_order":0,"comment_status":"closed","ping_status":"closed","template":"","meta":[],"acf":[],"_links":{"self":[{"href":"https:\/\/isfd87-bue.infd.edu.ar\/sitio\/wp-json\/wp\/v2\/pages\/1000"}],"collection":[{"href":"https:\/\/isfd87-bue.infd.edu.ar\/sitio\/wp-json\/wp\/v2\/pages"}],"about":[{"href":"https:\/\/isfd87-bue.infd.edu.ar\/sitio\/wp-json\/wp\/v2\/types\/page"}],"author":[{"embeddable":true,"href":"https:\/\/isfd87-bue.infd.edu.ar\/sitio\/wp-json\/wp\/v2\/users\/23"}],"replies":[{"embeddable":true,"href":"https:\/\/isfd87-bue.infd.edu.ar\/sitio\/wp-json\/wp\/v2\/comments?post=1000"}],"version-history":[{"count":26,"href":"https:\/\/isfd87-bue.infd.edu.ar\/sitio\/wp-json\/wp\/v2\/pages\/1000\/revisions"}],"predecessor-version":[{"id":1818,"href":"https:\/\/isfd87-bue.infd.edu.ar\/sitio\/wp-json\/wp\/v2\/pages\/1000\/revisions\/1818"}],"wp:attachment":[{"href":"https:\/\/isfd87-bue.infd.edu.ar\/sitio\/wp-json\/wp\/v2\/media?parent=1000"}],"curies":[{"name":"wp","href":"https:\/\/api.w.org\/{rel}","templated":true}]}}