{"id":1029,"date":"2018-08-29T21:40:51","date_gmt":"2018-08-30T00:40:51","guid":{"rendered":"https:\/\/isfd87-bue.infd.edu.ar\/sitio\/disenos-curriculares-carreras-tecnicas\/"},"modified":"2026-03-05T16:25:57","modified_gmt":"2026-03-05T19:25:57","slug":"disenos-curriculares-carreras-tecnicas","status":"publish","type":"page","link":"https:\/\/isfd87-bue.infd.edu.ar\/sitio\/disenos-curriculares-carreras-tecnicas\/","title":{"rendered":"Dise\u00f1os Curriculares &#8211; Carreras T\u00e9cnicas"},"content":{"rendered":"<h1 style=\"text-align: center;\"><\/h1>\n<ul>\n<li style=\"text-align: justify;\">\n<h3><span style=\"color: #333399;\"><a href=\"https:\/\/isfd87-bue.infd.edu.ar\/sitio\/wp-content\/uploads\/2026\/03\/Tecnicatura-Superior-en-Administracion-Contable_Res-455-23.pdf\" target=\"_blank\" rel=\"noopener\"><span style=\"color: #477dba;\">Tecnicatura Superior en Administraci\u00f3n Contable<\/span><\/a><\/span><\/h3>\n<\/li>\n<\/ul>\n<ul>\n<li>\n<h3><a href=\"https:\/\/isfd87-bue.infd.edu.ar\/sitio\/wp-content\/uploads\/2023\/05\/Certificacion-Cuidados-Criticos_Res-1847-13.pdf\" target=\"_blank\" rel=\"noopener\"><span style=\"color: #477dba;\">Tecnicatura Superior &#8211; Enfermer\u00eda en Cuidados Cr\u00edticos<\/span><\/a><\/h3>\n<\/li>\n<li>\n<h3><span style=\"color: #477dba;\"><a href=\"https:\/\/drive.google.com\/file\/d\/1iBlThzgbj9YBLuPVcy0sHp_TZf4TYsZq\/view?usp=sharing\" target=\"_blank\" rel=\"noopener\">T\u00e9cnico Superior en Enfermer\u00eda<\/a>\u00a0<\/span><\/h3>\n<\/li>\n<li>\n<h3><span style=\"color: #477dba;\"><a href=\"https:\/\/drive.google.com\/file\/d\/1XuDW0c8QRwsx8uLOIReOpUJPgTctFdXa\/view?usp=sharing\" target=\"_blank\" rel=\"noopener\">Tecnicatura Superior en Acompa\u00f1ante Terap\u00e9utico<\/a>\u00a0<\/span><\/h3>\n<\/li>\n<li>\n<h3><span style=\"color: #477dba;\"><a style=\"color: #477dba;\" href=\"https:\/\/isfd87-bue.infd.edu.ar\/sitio\/wp-content\/uploads\/2021\/12\/Tecnicatura-Superior-en-Trabajo-Social_Res-1666-06.pdf\" target=\"_blank\" rel=\"noopener\">Tecnicatura Superior en Trabajo Social<\/a><\/span><\/h3>\n<\/li>\n<li>\n<h3><a href=\"https:\/\/isfd87-bue.infd.edu.ar\/sitio\/wp-content\/uploads\/2024\/05\/Tecnicatura-Superior-en-Comunicacion-Social-para-el-desarrollo_Res-4998-10.pdf\" target=\"_blank\" rel=\"noopener\"><span style=\"color: #477dba;\">Tecnicatura Superior en Comunicaci\u00f3n Social para el Desarrollo<\/span><\/a><\/h3>\n<\/li>\n<li>\n<h3><a href=\"https:\/\/isfd87-bue.infd.edu.ar\/sitio\/wp-content\/uploads\/2026\/03\/TS-Servicios-Gastronomicos-Res-6176-25-VIGENTE-2026-AL-2028-1.pdf\" target=\"_blank\" rel=\"noopener\"><span style=\"color: #477dba;\">Tecnicatura Superior en Servicios Gastron\u00f3micos<\/span><\/a><\/h3>\n<\/li>\n<li>\n<h3><a href=\"https:\/\/isfd87-bue.infd.edu.ar\/sitio\/wp-content\/uploads\/2026\/03\/Tecnicatura-Superior-en-Mecatronica_Res-2728-22.pdf\" target=\"_blank\" rel=\"noopener\">Tecnicatura Superior en Mecatr\u00f3nica <\/a><\/h3>\n<ul>\n<li>\n<h4><a href=\"https:\/\/isfd87-bue.infd.edu.ar\/sitio\/wp-content\/uploads\/2026\/03\/Anexo-II-Res-2728-22-Mecatronica.pdf\" target=\"_blank\" rel=\"noopener\">Anexo II<\/a><\/h4>\n<\/li>\n<li>\n<h4><a href=\"https:\/\/isfd87-bue.infd.edu.ar\/sitio\/wp-content\/uploads\/2026\/03\/Anexo-III-Res-2728-22-Mecatronica.pdf\" target=\"_blank\" rel=\"noopener\">Anexo III<\/a><\/h4>\n<\/li>\n<\/ul>\n<\/li>\n<\/ul>\n","protected":false},"excerpt":{"rendered":"<p>Tecnicatura Superior en Administraci\u00f3n Contable Tecnicatura Superior &#8211; Enfermer\u00eda en Cuidados Cr\u00edticos T\u00e9cnico Superior en Enfermer\u00eda\u00a0 Tecnicatura Superior en Acompa\u00f1ante Terap\u00e9utico\u00a0 Tecnicatura Superior en Trabajo Social Tecnicatura Superior en Comunicaci\u00f3n Social para el Desarrollo Tecnicatura Superior en Servicios Gastron\u00f3micos Tecnicatura Superior en Mecatr\u00f3nica Anexo II Anexo III<\/p>\n","protected":false},"author":23,"featured_media":0,"parent":0,"menu_order":0,"comment_status":"closed","ping_status":"closed","template":"","meta":[],"acf":[],"_links":{"self":[{"href":"https:\/\/isfd87-bue.infd.edu.ar\/sitio\/wp-json\/wp\/v2\/pages\/1029"}],"collection":[{"href":"https:\/\/isfd87-bue.infd.edu.ar\/sitio\/wp-json\/wp\/v2\/pages"}],"about":[{"href":"https:\/\/isfd87-bue.infd.edu.ar\/sitio\/wp-json\/wp\/v2\/types\/page"}],"author":[{"embeddable":true,"href":"https:\/\/isfd87-bue.infd.edu.ar\/sitio\/wp-json\/wp\/v2\/users\/23"}],"replies":[{"embeddable":true,"href":"https:\/\/isfd87-bue.infd.edu.ar\/sitio\/wp-json\/wp\/v2\/comments?post=1029"}],"version-history":[{"count":35,"href":"https:\/\/isfd87-bue.infd.edu.ar\/sitio\/wp-json\/wp\/v2\/pages\/1029\/revisions"}],"predecessor-version":[{"id":1794,"href":"https:\/\/isfd87-bue.infd.edu.ar\/sitio\/wp-json\/wp\/v2\/pages\/1029\/revisions\/1794"}],"wp:attachment":[{"href":"https:\/\/isfd87-bue.infd.edu.ar\/sitio\/wp-json\/wp\/v2\/media?parent=1029"}],"curies":[{"name":"wp","href":"https:\/\/api.w.org\/{rel}","templated":true}]}}