{"id":1039,"date":"2018-08-29T21:40:54","date_gmt":"2018-08-30T00:40:54","guid":{"rendered":"https:\/\/isfd87-bue.infd.edu.ar\/sitio\/disenos-curriculares-carreras-docentes\/"},"modified":"2026-03-05T16:30:37","modified_gmt":"2026-03-05T19:30:37","slug":"disenos-curriculares-carreras-docentes","status":"publish","type":"page","link":"https:\/\/isfd87-bue.infd.edu.ar\/sitio\/disenos-curriculares-carreras-docentes\/","title":{"rendered":"Dise\u00f1os Curriculares &#8211; Carreras Docentes"},"content":{"rendered":"<ul>\n<li>\n<h3><span style=\"color: #477dba;\"><a style=\"color: #477dba;\" href=\"https:\/\/isfd87-bue.infd.edu.ar\/sitio\/wp-content\/uploads\/2021\/12\/Profesorado-de-Educacion-Inicial-y-Primaria_Res-4154-07.pdf\" target=\"_blank\" rel=\"noopener\">Profesorado de Educaci\u00f3n Inicial<\/a><\/span><\/h3>\n<\/li>\n<\/ul>\n<h5 style=\"padding-left: 80px;\"><a href=\"https:\/\/isfd87-bue.infd.edu.ar\/sitio\/wp-content\/uploads\/2024\/05\/Correlatividades-Eduacion-Inicial-Anexo-2.pdf\" target=\"_blank\" rel=\"noopener\">Correlatividades &#8211; Profesorado de Educaci\u00f3n Inicial<\/a><\/h5>\n<ul>\n<li>\n<h3><span style=\"color: #477dba;\"><a style=\"color: #477dba;\" href=\"https:\/\/isfd87-bue.infd.edu.ar\/sitio\/wp-content\/uploads\/2021\/12\/Profesorado-de-Educacion-Inicial-y-Primaria_Res-4154-07.pdf\" target=\"_blank\" rel=\"noopener\">Profesorado de Educaci\u00f3n Primaria<\/a><\/span><\/h3>\n<\/li>\n<\/ul>\n<h5 style=\"padding-left: 80px;\"><a href=\"https:\/\/isfd87-bue.infd.edu.ar\/sitio\/wp-content\/uploads\/2024\/05\/Correlatividades-Educacion-Primaria_Anexo-3.pdf\" target=\"_blank\" rel=\"noopener\">Correlatividades &#8211; Profesorado de Educaci\u00f3n Primaria<\/a><\/h5>\n<ul>\n<li>\n<h3><a href=\"https:\/\/isfd87-bue.infd.edu.ar\/sitio\/wp-content\/uploads\/2021\/12\/Profesorado-de-Educacion-Fisica_Res-2432-09.pdf\" target=\"_blank\" rel=\"noopener\">Profesorado de Educaci\u00f3n F\u00edsica<\/a><\/h3>\n<\/li>\n<\/ul>\n<h5 style=\"padding-left: 80px;\"><a href=\"https:\/\/isfd87-bue.infd.edu.ar\/sitio\/wp-content\/uploads\/2024\/05\/Correlatividades-Educacion-Fisica_Anexo-5.pdf\" target=\"_blank\" rel=\"noopener\">Correlatividades &#8211; Profesorado de Educaci\u00f3n F\u00edsica<\/a><\/h5>\n<ul>\n<li>\n<h3><a href=\"https:\/\/isfd87-bue.infd.edu.ar\/sitio\/wp-content\/uploads\/2021\/12\/Profesorado-de-Matematica_Res1861-17.pdf\" target=\"_blank\" rel=\"noopener\">Profesorado de Matem\u00e1tica<\/a><\/h3>\n<\/li>\n<\/ul>\n<h5 style=\"padding-left: 80px;\"><a href=\"https:\/\/isfd87-bue.infd.edu.ar\/sitio\/wp-content\/uploads\/2024\/05\/Correlatividades-Matematica_Anexo-VII.pdf\" target=\"_blank\" rel=\"noopener\">Correlatividades &#8211; Profesorado de Matem\u00e1tica<\/a><\/h5>\n<ul>\n<li>\n<h3><a href=\"https:\/\/isfd87-bue.infd.edu.ar\/sitio\/wp-content\/uploads\/2023\/05\/Profesorado-de-Educacion-Secundaria-en-Lengua-y-Literatura_Res-1862-17.pdf\" target=\"_blank\" rel=\"noopener\">Profesorado de Lengua y Literatura<\/a><\/h3>\n<\/li>\n<\/ul>\n<h5 style=\"padding-left: 40px;\">\u00a0 \u00a0 \u00a0 <a href=\"https:\/\/isfd87-bue.infd.edu.ar\/sitio\/wp-content\/uploads\/2024\/05\/Correlatividades-Lengua-y-Literatura_Anexo-VIII-1.pdf\" target=\"_blank\" rel=\"noopener\">Correlatividades &#8211; Profesorado de Lengua y Literatura<\/a><\/h5>\n<ul>\n<li>\n<h3><a href=\"https:\/\/isfd87-bue.infd.edu.ar\/sitio\/wp-content\/uploads\/2024\/05\/Profesorado-de-Educacion-Secundaria-en-Produccion-Agropecuaria_Res-3746-22.pdf\" target=\"_blank\" rel=\"noopener\">Profesorado de Educacion Secundaria en Produccion Agropecuaria<\/a><\/h3>\n<\/li>\n<li>\n<h3><a href=\"https:\/\/isfd87-bue.infd.edu.ar\/sitio\/wp-content\/uploads\/2026\/03\/Profesorado-de-Educ-Sec-en-CIENCIA-POLITICA_2022.pdf\" target=\"_blank\" rel=\"noopener\">Profesorado de Educaci\u00f3n Secundaria en Ciencias Pol\u00edticas<\/a><\/h3>\n<\/li>\n<\/ul>\n\n\n<p><\/p>\n","protected":false},"excerpt":{"rendered":"<p>Profesorado de Educaci\u00f3n Inicial Correlatividades &#8211; Profesorado de Educaci\u00f3n Inicial Profesorado de Educaci\u00f3n Primaria Correlatividades &#8211; Profesorado de Educaci\u00f3n Primaria Profesorado de Educaci\u00f3n F\u00edsica Correlatividades &#8211; Profesorado de Educaci\u00f3n F\u00edsica Profesorado de Matem\u00e1tica Correlatividades &#8211; Profesorado de Matem\u00e1tica Profesorado de Lengua y Literatura \u00a0 \u00a0 \u00a0 Correlatividades &#8211; Profesorado de Lengua y Literatura Profesorado de &#8230; <a title=\"Dise\u00f1os Curriculares &#8211; Carreras Docentes\" class=\"read-more\" href=\"https:\/\/isfd87-bue.infd.edu.ar\/sitio\/disenos-curriculares-carreras-docentes\/\" aria-label=\"More on Dise\u00f1os Curriculares &#8211; Carreras Docentes\">[+]<\/a><\/p>\n","protected":false},"author":23,"featured_media":0,"parent":0,"menu_order":0,"comment_status":"closed","ping_status":"closed","template":"","meta":[],"acf":[],"_links":{"self":[{"href":"https:\/\/isfd87-bue.infd.edu.ar\/sitio\/wp-json\/wp\/v2\/pages\/1039"}],"collection":[{"href":"https:\/\/isfd87-bue.infd.edu.ar\/sitio\/wp-json\/wp\/v2\/pages"}],"about":[{"href":"https:\/\/isfd87-bue.infd.edu.ar\/sitio\/wp-json\/wp\/v2\/types\/page"}],"author":[{"embeddable":true,"href":"https:\/\/isfd87-bue.infd.edu.ar\/sitio\/wp-json\/wp\/v2\/users\/23"}],"replies":[{"embeddable":true,"href":"https:\/\/isfd87-bue.infd.edu.ar\/sitio\/wp-json\/wp\/v2\/comments?post=1039"}],"version-history":[{"count":26,"href":"https:\/\/isfd87-bue.infd.edu.ar\/sitio\/wp-json\/wp\/v2\/pages\/1039\/revisions"}],"predecessor-version":[{"id":1796,"href":"https:\/\/isfd87-bue.infd.edu.ar\/sitio\/wp-json\/wp\/v2\/pages\/1039\/revisions\/1796"}],"wp:attachment":[{"href":"https:\/\/isfd87-bue.infd.edu.ar\/sitio\/wp-json\/wp\/v2\/media?parent=1039"}],"curies":[{"name":"wp","href":"https:\/\/api.w.org\/{rel}","templated":true}]}}