{"id":1042,"date":"2018-08-29T21:40:55","date_gmt":"2018-08-30T00:40:55","guid":{"rendered":"https:\/\/isfd87-bue.infd.edu.ar\/sitio\/concurso\/"},"modified":"2026-03-05T19:06:39","modified_gmt":"2026-03-05T22:06:39","slug":"concurso","status":"publish","type":"page","link":"https:\/\/isfd87-bue.infd.edu.ar\/sitio\/concurso\/","title":{"rendered":"Concurso"},"content":{"rendered":"<h1 class=\"Titulo1\" style=\"text-align: center;\"><span style=\"text-decoration: underline; color: #000080; font-size: 18pt;\"><em><strong><span style=\"font-family: verdana, geneva;\">Material para los concursos de oposici\u00f3n<\/span><\/strong><\/em><\/span><\/h1>\n<ul>\n<li>\n<h3><span style=\"font-family: verdana, geneva; font-size: 12pt;\"><a title=\"Resoluci\u00f3n 5886 - Cobertura de C\u00e1tedra\" href=\"https:\/\/isfd87-bue.infd.edu.ar\/sitio\/wp-content\/uploads\/2026\/03\/RESOC-2025-6179-GDEBA-DGCYE.pdf\" target=\"_blank\" rel=\"noopener\">Resoluci\u00f3n 6179\/2025 &#8211; Cobertura de c\u00e1tedra. <\/a><\/span><\/h3>\n<ul>\n<li>\n<h3><span style=\"font-family: verdana, geneva; font-size: 12pt;\"><a title=\"Resoluci\u00f3n 5886 - Cobertura de C\u00e1tedra\" href=\"https:\/\/isfd87-bue.infd.edu.ar\/sitio\/wp-content\/uploads\/2026\/03\/Anexo-9-Formulario-2-2.2-Desempeno-en-el-Nivel-Superior.docx\" target=\"_blank\" rel=\"noopener\">Anexo 9 Formulario 2 Desempe\u00f1o en el Nivel Superior.<\/a><\/span><\/h3>\n<\/li>\n<li>\n<h3><span style=\"font-family: verdana, geneva; font-size: 12pt;\"><a title=\"Resoluci\u00f3n 5886 - Cobertura de C\u00e1tedra\" href=\"https:\/\/isfd87-bue.infd.edu.ar\/sitio\/wp-content\/uploads\/2026\/03\/Anexo-9-Formulario-2-2.3-Desempeno-en-otros-Niveles-y_o-modalidades_.docx\" target=\"_blank\" rel=\"noopener\">Anexo 9 Formulario 2 Desempe\u00f1o en otros Niveles y\/o Modalidades.<\/a><\/span><\/h3>\n<\/li>\n<li>\n<h3><span style=\"font-family: verdana, geneva; font-size: 12pt;\"><a title=\"Resoluci\u00f3n 5886 - Cobertura de C\u00e1tedra\" href=\"https:\/\/isfd87-bue.infd.edu.ar\/sitio\/wp-content\/uploads\/2026\/03\/Anexo-9-Formulario-2-2.4-Antecedentes-que-considera-pertinentes-para-los-modulos_horas-catedras_cargo-para-el-que-se-inscribe.docx\" target=\"_blank\" rel=\"noopener\">Anexo 9 Formulario 2 Antecedentes<\/a><\/span><\/h3>\n<\/li>\n<\/ul>\n<\/li>\n<\/ul>\n","protected":false},"excerpt":{"rendered":"<p>Material para los concursos de oposici\u00f3n Resoluci\u00f3n 6179\/2025 &#8211; Cobertura de c\u00e1tedra. Anexo 9 Formulario 2 Desempe\u00f1o en el Nivel Superior. Anexo 9 Formulario 2 Desempe\u00f1o en otros Niveles y\/o Modalidades. Anexo 9 Formulario 2 Antecedentes<\/p>\n","protected":false},"author":23,"featured_media":0,"parent":0,"menu_order":0,"comment_status":"closed","ping_status":"closed","template":"","meta":[],"acf":[],"_links":{"self":[{"href":"https:\/\/isfd87-bue.infd.edu.ar\/sitio\/wp-json\/wp\/v2\/pages\/1042"}],"collection":[{"href":"https:\/\/isfd87-bue.infd.edu.ar\/sitio\/wp-json\/wp\/v2\/pages"}],"about":[{"href":"https:\/\/isfd87-bue.infd.edu.ar\/sitio\/wp-json\/wp\/v2\/types\/page"}],"author":[{"embeddable":true,"href":"https:\/\/isfd87-bue.infd.edu.ar\/sitio\/wp-json\/wp\/v2\/users\/23"}],"replies":[{"embeddable":true,"href":"https:\/\/isfd87-bue.infd.edu.ar\/sitio\/wp-json\/wp\/v2\/comments?post=1042"}],"version-history":[{"count":9,"href":"https:\/\/isfd87-bue.infd.edu.ar\/sitio\/wp-json\/wp\/v2\/pages\/1042\/revisions"}],"predecessor-version":[{"id":1816,"href":"https:\/\/isfd87-bue.infd.edu.ar\/sitio\/wp-json\/wp\/v2\/pages\/1042\/revisions\/1816"}],"wp:attachment":[{"href":"https:\/\/isfd87-bue.infd.edu.ar\/sitio\/wp-json\/wp\/v2\/media?parent=1042"}],"curies":[{"name":"wp","href":"https:\/\/api.w.org\/{rel}","templated":true}]}}