{"id":1056,"date":"2018-08-29T21:41:00","date_gmt":"2018-08-30T00:41:00","guid":{"rendered":"https:\/\/isfd87-bue.infd.edu.ar\/sitio\/informacion-de-interes-2014\/"},"modified":"2021-10-12T23:49:47","modified_gmt":"2021-10-13T02:49:47","slug":"informacion-de-interes-2014","status":"publish","type":"page","link":"https:\/\/isfd87-bue.infd.edu.ar\/sitio\/informacion-de-interes-2014\/","title":{"rendered":"Informaci\u00f3n de Inter\u00e9s &#8211; Feria de Ciencia"},"content":{"rendered":"<p style=\"text-align: justify;\"><span style=\"font-size: 12pt;\">En el nivel superior los alumnos de carreras Terciarias, tanto T\u00e9cnicas como Docentes, pueden participar en Feria de Ciencias y Tecnolog\u00eda:<\/span><\/p>\n<p style=\"text-align: justify;\"><span style=\"font-size: 12pt;\">Si te interesa participar en proyectos de investigaci\u00f3n, participa en la Feria de Ciencias y Tecnolog\u00eda Distrital. Anexamos en este sitio archivos de inter\u00e9s, Reglamento de la Feria de Ciencias y Fichas de Inscripci\u00f3n.<\/span><\/p>\n<p style=\"text-align: justify;\"><span style=\"font-size: 12pt;\">&nbsp;<\/span><\/p>\n<ul>\n<li style=\"text-align: justify;\"><span style=\"font-size: 12pt;\"><a title=\"Feria Distrital de Ciencias. REGLAMENTO 2013\" href=\"upload\/Reglamento%20de%20Ferias%202013.doc\" target=\"_blank\" rel=\"noopener\">REGLAMENTO DE FERIA DE CIENCIAS<\/a><\/span><\/li>\n<li style=\"text-align: justify;\"><span style=\"font-size: 12pt;\"><a title=\"Feria de Ciencias y Tecnolog\u00edas 2014. Planilla de Inscripci\u00f3n\" href=\"upload\/Ficha_de_inscripci%F3n_-_2014.xls\" target=\"_blank\" rel=\"noopener\">FICHA DE INSCRIPCION PARA PARTICIPAR EN FERIA DE CIENCIAS.<\/a>&nbsp;<\/span><\/li>\n<\/ul>\n","protected":false},"excerpt":{"rendered":"<p>En el nivel superior los alumnos de carreras Terciarias, tanto T\u00e9cnicas como Docentes, pueden participar en Feria de Ciencias y Tecnolog\u00eda: Si te interesa participar en proyectos de investigaci\u00f3n, participa en la Feria de Ciencias y Tecnolog\u00eda Distrital. Anexamos en este sitio archivos de inter\u00e9s, Reglamento de la Feria de Ciencias y Fichas de Inscripci\u00f3n. &#8230; <a title=\"Informaci\u00f3n de Inter\u00e9s &#8211; Feria de Ciencia\" class=\"read-more\" href=\"https:\/\/isfd87-bue.infd.edu.ar\/sitio\/informacion-de-interes-2014\/\" aria-label=\"More on Informaci\u00f3n de Inter\u00e9s &#8211; Feria de Ciencia\">[+]<\/a><\/p>\n","protected":false},"author":23,"featured_media":0,"parent":0,"menu_order":0,"comment_status":"closed","ping_status":"closed","template":"","meta":[],"acf":[],"_links":{"self":[{"href":"https:\/\/isfd87-bue.infd.edu.ar\/sitio\/wp-json\/wp\/v2\/pages\/1056"}],"collection":[{"href":"https:\/\/isfd87-bue.infd.edu.ar\/sitio\/wp-json\/wp\/v2\/pages"}],"about":[{"href":"https:\/\/isfd87-bue.infd.edu.ar\/sitio\/wp-json\/wp\/v2\/types\/page"}],"author":[{"embeddable":true,"href":"https:\/\/isfd87-bue.infd.edu.ar\/sitio\/wp-json\/wp\/v2\/users\/23"}],"replies":[{"embeddable":true,"href":"https:\/\/isfd87-bue.infd.edu.ar\/sitio\/wp-json\/wp\/v2\/comments?post=1056"}],"version-history":[{"count":1,"href":"https:\/\/isfd87-bue.infd.edu.ar\/sitio\/wp-json\/wp\/v2\/pages\/1056\/revisions"}],"predecessor-version":[{"id":1228,"href":"https:\/\/isfd87-bue.infd.edu.ar\/sitio\/wp-json\/wp\/v2\/pages\/1056\/revisions\/1228"}],"wp:attachment":[{"href":"https:\/\/isfd87-bue.infd.edu.ar\/sitio\/wp-json\/wp\/v2\/media?parent=1056"}],"curies":[{"name":"wp","href":"https:\/\/api.w.org\/{rel}","templated":true}]}}