{"id":1231,"date":"2021-11-09T17:06:30","date_gmt":"2021-11-09T20:06:30","guid":{"rendered":"https:\/\/isfd87-bue.infd.edu.ar\/sitio\/?page_id=1231"},"modified":"2021-11-09T17:06:31","modified_gmt":"2021-11-09T20:06:31","slug":"feria-de-ciencias","status":"publish","type":"page","link":"https:\/\/isfd87-bue.infd.edu.ar\/sitio\/feria-de-ciencias\/","title":{"rendered":"Feria de Ciencias"},"content":{"rendered":"\n<p>El d\u00eda mi\u00e9rcoles 15 de septiembre tuvo lugar en el galp\u00f3n de la \u201cFiesta nacional del ternero y d\u00eda de la yerra\u201d, la instancia Distrital de \u201cFeria de Ciencia y Tecnolog\u00eda\u201d. Durante la jornada participaron los alumnos de 1\u00ba a\u00f1o de la Tecnicatura Superior Enfermer\u00eda, acompa\u00f1ados por la profesora de Pr\u00e1cticas Profesionalizantes Lic. Alicia Grimaldi, llevando a cabo los controles de temperatura y sanitizaci\u00f3n, seg\u00fan el protocolo vigente.<\/p>\n\n\n\n<figure class=\"wp-block-image size-large\"><img decoding=\"async\" loading=\"lazy\" width=\"1280\" height=\"960\" src=\"https:\/\/isfd87-bue.infd.edu.ar\/sitio\/wp-content\/uploads\/2021\/11\/WhatsApp-Image-2021-10-22-at-19.24.13-1.jpeg\" alt=\"\" class=\"wp-image-1232\" srcset=\"https:\/\/isfd87-bue.infd.edu.ar\/sitio\/wp-content\/uploads\/2021\/11\/WhatsApp-Image-2021-10-22-at-19.24.13-1.jpeg 1280w, https:\/\/isfd87-bue.infd.edu.ar\/sitio\/wp-content\/uploads\/2021\/11\/WhatsApp-Image-2021-10-22-at-19.24.13-1-1000x750.jpeg 1000w, https:\/\/isfd87-bue.infd.edu.ar\/sitio\/wp-content\/uploads\/2021\/11\/WhatsApp-Image-2021-10-22-at-19.24.13-1-768x576.jpeg 768w\" sizes=\"(max-width: 1280px) 100vw, 1280px\" \/><\/figure>\n","protected":false},"excerpt":{"rendered":"<p>El d\u00eda mi\u00e9rcoles 15 de septiembre tuvo lugar en el galp\u00f3n de la \u201cFiesta nacional del ternero y d\u00eda de la yerra\u201d, la instancia Distrital de \u201cFeria de Ciencia y Tecnolog\u00eda\u201d. Durante la jornada participaron los alumnos de 1\u00ba a\u00f1o de la Tecnicatura Superior Enfermer\u00eda, acompa\u00f1ados por la profesora de Pr\u00e1cticas Profesionalizantes Lic. Alicia Grimaldi, &#8230; <a title=\"Feria de Ciencias\" class=\"read-more\" href=\"https:\/\/isfd87-bue.infd.edu.ar\/sitio\/feria-de-ciencias\/\" aria-label=\"More on Feria de Ciencias\">[+]<\/a><\/p>\n","protected":false},"author":23,"featured_media":0,"parent":0,"menu_order":0,"comment_status":"closed","ping_status":"closed","template":"","meta":[],"acf":[],"_links":{"self":[{"href":"https:\/\/isfd87-bue.infd.edu.ar\/sitio\/wp-json\/wp\/v2\/pages\/1231"}],"collection":[{"href":"https:\/\/isfd87-bue.infd.edu.ar\/sitio\/wp-json\/wp\/v2\/pages"}],"about":[{"href":"https:\/\/isfd87-bue.infd.edu.ar\/sitio\/wp-json\/wp\/v2\/types\/page"}],"author":[{"embeddable":true,"href":"https:\/\/isfd87-bue.infd.edu.ar\/sitio\/wp-json\/wp\/v2\/users\/23"}],"replies":[{"embeddable":true,"href":"https:\/\/isfd87-bue.infd.edu.ar\/sitio\/wp-json\/wp\/v2\/comments?post=1231"}],"version-history":[{"count":1,"href":"https:\/\/isfd87-bue.infd.edu.ar\/sitio\/wp-json\/wp\/v2\/pages\/1231\/revisions"}],"predecessor-version":[{"id":1233,"href":"https:\/\/isfd87-bue.infd.edu.ar\/sitio\/wp-json\/wp\/v2\/pages\/1231\/revisions\/1233"}],"wp:attachment":[{"href":"https:\/\/isfd87-bue.infd.edu.ar\/sitio\/wp-json\/wp\/v2\/media?parent=1231"}],"curies":[{"name":"wp","href":"https:\/\/api.w.org\/{rel}","templated":true}]}}