{"id":989,"date":"2018-08-29T21:40:33","date_gmt":"2018-08-30T00:40:33","guid":{"rendered":"https:\/\/isfd87-bue.infd.edu.ar\/sitio\/informacion-para-alumnos\/"},"modified":"2024-11-13T13:28:33","modified_gmt":"2024-11-13T16:28:33","slug":"informacion-para-alumnos","status":"publish","type":"page","link":"https:\/\/isfd87-bue.infd.edu.ar\/sitio\/informacion-para-alumnos\/","title":{"rendered":"Informaci\u00f3n para alumnos"},"content":{"rendered":"<h1 style=\"text-align: center;\"><\/h1>\n<p style=\"text-align: justify;\"><span style=\"font-family: verdana, geneva; font-size: 12pt; text-align: justify;\">Informaci\u00f3n para el alumno &#8211; \u00a0normativas de inter\u00e9s para los\u00a0alumnos del ISFD yT N\u00ba87:<\/span><\/p>\n<ul>\n<li>\n<h3><span style=\"color: #333399;\"><a style=\"color: #333399;\" title=\"Reglamento de la Pr\u00e1cticas\" href=\"https:\/\/isfd87-bue.infd.edu.ar\/sitio\/wp-content\/uploads\/2019\/12\/Reglamento-de-pr\u00e1cticas-docentes.pdf\" target=\"_blank\" rel=\"noopener\">Reglamento de las Pr\u00e1cticas<\/a><\/span><\/h3>\n<\/li>\n<li>\n<h3><a href=\"https:\/\/isfd87-bue.infd.edu.ar\/sitio\/wp-content\/uploads\/2023\/05\/Reglamento-de-convivencia-ISFDyT87-2023.pdf\" target=\"_blank\" rel=\"noopener\"><span style=\"color: #333399;\">Reglamento de Convivencia<\/span><\/a><\/h3>\n<\/li>\n<li>\n<h3><span style=\"color: #333399;\">Reglamento Marco<\/span><\/h3>\n<ul>\n<li>\n<h5><span style=\"color: #333399;\"><a style=\"color: #333399;\" href=\"https:\/\/isfd87-bue.infd.edu.ar\/sitio\/wp-content\/uploads\/2024\/11\/Anexo-1_RAM.pdf\" target=\"_blank\" rel=\"noopener\">Anexo 1<\/a> &#8211; <a style=\"color: #333399;\" href=\"https:\/\/isfd87-bue.infd.edu.ar\/sitio\/wp-content\/uploads\/2024\/11\/Anexo-2_Estudiante-Itinerante.pdf\" target=\"_blank\" rel=\"noopener\">Anexo 2<\/a>\u00a0 &#8211; <\/span><a href=\"https:\/\/isfd87-bue.infd.edu.ar\/sitio\/wp-content\/uploads\/2024\/11\/Anexo-3_PPC.pdf\" target=\"_blank\" rel=\"noopener\"><span style=\"color: #333399;\">Anexo 3<\/span><\/a><\/h5>\n<\/li>\n<\/ul>\n<\/li>\n<li>\n<h3><a href=\"https:\/\/isfd87-bue.infd.edu.ar\/sitio\/wp-content\/uploads\/2023\/05\/Regimen-Academico-Institucional-2023.pdf\" target=\"_blank\" rel=\"noopener\"><span style=\"color: #333399;\">R\u00e9gimen Acad\u00e9mico Institucional<\/span><\/a><\/h3>\n<\/li>\n<\/ul>\n<p style=\"text-align: justify;\"><span style=\"text-decoration: underline; font-family: verdana, geneva; color: #333399; font-size: 14pt;\"><em><strong>De los canales de Comunicaci\u00f3n<\/strong><\/em><\/span><\/p>\n<ul style=\"text-align: justify;\">\n<li><span style=\"font-family: verdana, geneva; font-size: 12pt;\">Inconvenientes o inquietudes acad\u00e9micas: Por inquietudes o inconvenientes acad\u00e9micos, los alumnos deber\u00e1n dirigirse en primer t\u00e9rmino al profesor y luego al Director de la Instituci\u00f3n o al Consejo Acad\u00e9mico Institucional por nota que se entregar\u00e1 en secretar\u00eda para que el tema sea tratado y resuelto en la pr\u00f3xima reuni\u00f3n del CAI; al igual que para el caso de problemas o cuestiones administrativas, deber\u00e1 dirigirse a la Secretaria, siendo el horario de atenci\u00f3n a alumnos de lunes a viernes de 18:00 a 22 hs<\/span><\/li>\n<li><span style=\"font-family: verdana, geneva; font-size: 12pt;\">Tel\u00e9fonos: Los tel\u00e9fonos de los profesores no ser\u00e1n informados a los alumnos bajo ning\u00fan aspecto, siendo la v\u00eda adecuada de comunicaci\u00f3n con los mismos en el Instituto.<\/span><\/li>\n<\/ul>\n<p style=\"text-align: justify;\"><span style=\"font-family: verdana, geneva; color: #333399; font-size: 14pt;\"><em><span style=\"text-decoration: underline;\"><strong>A tener en cuenta<\/strong><\/span><\/em><\/span><\/p>\n<p style=\"text-align: justify;\"><span style=\"font-family: verdana, geneva; font-size: 12pt;\"><strong>BIBLIOTECA<\/strong>: Los alumnos pueden acceder a libros de la Biblioteca del Instituto, respetando el reglamento de la misma en cuento a condiciones de pr\u00e9stamo. Horario de funcionamiento: lunes a viernes de 18 a 22 hs.<\/span><\/p>\n<p style=\"text-align: justify;\"><span style=\"font-family: verdana, geneva; font-size: 12pt;\"><strong>CAI<\/strong>: El Instituto cuenta con el Consejo Acad\u00e9mico Institucional, integrado por el Director de la Instituci\u00f3n, consejeros profesores y consejeros alumnos y\u00a0 representantes no docentes. La composici\u00f3n del CAI se renueva por elecciones en forma anual por mitades. De esta forma los alumnos pueden presentar listas de candidatos una vez convocadas las elecciones por el cuerpo. Los alumnos tienen derecho a realizar presentaciones en el CAI de forma escrita, para que el tema sea tratado en las reuniones del mismo.<\/span><\/p>\n<p style=\"text-align: justify;\"><span style=\"font-family: verdana, geneva; font-size: 12pt;\"><strong>COOPERADORA<\/strong>: El Instituto cuenta con la Asociaci\u00f3n Cooperadora que administra los fondos recaudados y cuyo fines son, financiar \u00a0materiales administrativos, did\u00e1cticos y de limpieza que permiten el normal desarrollo de las carreras.<\/span><\/p>\n<p style=\"text-align: justify;\"><span style=\"font-family: verdana, geneva; font-size: 12pt;\">El alumno deber\u00e1 pagar una matr\u00edcula anual, y una cuota mensual de cooperadora.<\/span><\/p>\n<p style=\"text-align: justify;\"><span style=\"font-family: verdana, geneva;\"><span style=\"color: #333399; font-size: 14pt;\"><em><strong><span style=\"text-decoration: underline;\">Tr\u00e1mites Importantes<\/span><\/strong><\/em><\/span><strong>\u00a0<\/strong><\/span><\/p>\n<p style=\"text-align: justify;\"><span style=\"text-decoration: underline; font-family: verdana, geneva; color: #3366ff; font-size: 12pt;\"><strong>Solicitud constancia de alumno regular, certificado anal\u00edtico<\/strong><\/span><\/p>\n<p style=\"text-align: justify;\"><span style=\"font-family: verdana, geneva; font-size: 12pt;\">Se solicita en secretar\u00eda y tarda 48 hs en ser entregado. \u00a0En el caso de certificado analitico, por razones operativas, no deben ser solicitados en \u00e9pocas de examen, se extiende al finalizar\u00a0 cada llamado de examenes finales.<\/span><\/p>\n<p style=\"text-align: justify;\"><strong><span style=\"text-decoration: underline;\">\u00a0<\/span><\/strong><\/p>\n","protected":false},"excerpt":{"rendered":"<p>Informaci\u00f3n para el alumno &#8211; \u00a0normativas de inter\u00e9s para los\u00a0alumnos del ISFD yT N\u00ba87: Reglamento de las Pr\u00e1cticas Reglamento de Convivencia Reglamento Marco Anexo 1 &#8211; Anexo 2\u00a0 &#8211; Anexo 3 R\u00e9gimen Acad\u00e9mico Institucional De los canales de Comunicaci\u00f3n Inconvenientes o inquietudes acad\u00e9micas: Por inquietudes o inconvenientes acad\u00e9micos, los alumnos deber\u00e1n dirigirse en primer t\u00e9rmino &#8230; <a title=\"Informaci\u00f3n para alumnos\" class=\"read-more\" href=\"https:\/\/isfd87-bue.infd.edu.ar\/sitio\/informacion-para-alumnos\/\" aria-label=\"More on Informaci\u00f3n para alumnos\">[+]<\/a><\/p>\n","protected":false},"author":23,"featured_media":0,"parent":0,"menu_order":0,"comment_status":"closed","ping_status":"closed","template":"","meta":[],"acf":[],"_links":{"self":[{"href":"https:\/\/isfd87-bue.infd.edu.ar\/sitio\/wp-json\/wp\/v2\/pages\/989"}],"collection":[{"href":"https:\/\/isfd87-bue.infd.edu.ar\/sitio\/wp-json\/wp\/v2\/pages"}],"about":[{"href":"https:\/\/isfd87-bue.infd.edu.ar\/sitio\/wp-json\/wp\/v2\/types\/page"}],"author":[{"embeddable":true,"href":"https:\/\/isfd87-bue.infd.edu.ar\/sitio\/wp-json\/wp\/v2\/users\/23"}],"replies":[{"embeddable":true,"href":"https:\/\/isfd87-bue.infd.edu.ar\/sitio\/wp-json\/wp\/v2\/comments?post=989"}],"version-history":[{"count":21,"href":"https:\/\/isfd87-bue.infd.edu.ar\/sitio\/wp-json\/wp\/v2\/pages\/989\/revisions"}],"predecessor-version":[{"id":1774,"href":"https:\/\/isfd87-bue.infd.edu.ar\/sitio\/wp-json\/wp\/v2\/pages\/989\/revisions\/1774"}],"wp:attachment":[{"href":"https:\/\/isfd87-bue.infd.edu.ar\/sitio\/wp-json\/wp\/v2\/media?parent=989"}],"curies":[{"name":"wp","href":"https:\/\/api.w.org\/{rel}","templated":true}]}}